{"id":2241,"date":"2023-07-09T19:58:49","date_gmt":"2023-07-09T17:58:49","guid":{"rendered":"https:\/\/www.barbaratemplate.com\/ucet-clenstvi\/your-profile\/"},"modified":"2023-07-09T19:58:49","modified_gmt":"2023-07-09T17:58:49","slug":"your-profile","status":"publish","type":"page","link":"https:\/\/www.barbaratemplate.com\/cs\/ucet-clenstvi\/your-profile\/","title":{"rendered":"Your Profile"},"content":{"rendered":"<p>[pmpro_member_profile_edit]<\/p>\n","protected":false},"excerpt":{"rendered":"<p>[pmpro_member_profile_edit]<\/p>\n","protected":false},"author":1,"featured_media":0,"parent":2233,"menu_order":0,"comment_status":"closed","ping_status":"closed","template":"","meta":{"editor_plus_copied_stylings":"{}","footnotes":""},"yoast_head":"<!-- This site is optimized with the Yoast SEO plugin v24.5 - https:\/\/yoast.com\/wordpress\/plugins\/seo\/ -->\n<title>Your Profile - Barbara Template<\/title>\n<meta name=\"robots\" content=\"noindex, follow, max-snippet:-1, max-image-preview:large, max-video-preview:-1\" \/>\n<meta property=\"og:locale\" content=\"cs_CZ\" \/>\n<meta property=\"og:type\" content=\"article\" \/>\n<meta property=\"og:title\" content=\"Your Profile - Barbara Template\" \/>\n<meta property=\"og:description\" content=\"[pmpro_member_profile_edit]\" \/>\n<meta property=\"og:url\" content=\"https:\/\/www.barbaratemplate.com\/cs\/ucet-clenstvi\/your-profile\/\" \/>\n<meta property=\"og:site_name\" content=\"Barbara Template\" \/>\n<meta name=\"twitter:card\" content=\"summary_large_image\" \/>\n<script type=\"application\/ld+json\" class=\"yoast-schema-graph\">{\"@context\":\"https:\/\/schema.org\",\"@graph\":[{\"@type\":\"WebPage\",\"@id\":\"https:\/\/www.barbaratemplate.com\/ucet-clenstvi\/your-profile\/\",\"url\":\"https:\/\/www.barbaratemplate.com\/ucet-clenstvi\/your-profile\/\",\"name\":\"Your Profile - Barbara Template\",\"isPartOf\":{\"@id\":\"https:\/\/www.barbaratemplate.com\/#website\"},\"datePublished\":\"2023-07-09T17:58:49+00:00\",\"breadcrumb\":{\"@id\":\"https:\/\/www.barbaratemplate.com\/ucet-clenstvi\/your-profile\/#breadcrumb\"},\"inLanguage\":\"cs\",\"potentialAction\":[{\"@type\":\"ReadAction\",\"target\":[\"https:\/\/www.barbaratemplate.com\/ucet-clenstvi\/your-profile\/\"]}]},{\"@type\":\"BreadcrumbList\",\"@id\":\"https:\/\/www.barbaratemplate.com\/ucet-clenstvi\/your-profile\/#breadcrumb\",\"itemListElement\":[{\"@type\":\"ListItem\",\"position\":1,\"name\":\"Home\",\"item\":\"https:\/\/www.barbaratemplate.com\/\"},{\"@type\":\"ListItem\",\"position\":2,\"name\":\"\u00da\u010det \u010dlenstv\u00ed\",\"item\":\"https:\/\/www.barbaratemplate.com\/ucet-clenstvi\/\"},{\"@type\":\"ListItem\",\"position\":3,\"name\":\"Your Profile\"}]},{\"@type\":\"WebSite\",\"@id\":\"https:\/\/www.barbaratemplate.com\/#website\",\"url\":\"https:\/\/www.barbaratemplate.com\/\",\"name\":\"Barbara Template\",\"description\":\"Your social templates\",\"publisher\":{\"@id\":\"https:\/\/www.barbaratemplate.com\/#organization\"},\"potentialAction\":[{\"@type\":\"SearchAction\",\"target\":{\"@type\":\"EntryPoint\",\"urlTemplate\":\"https:\/\/www.barbaratemplate.com\/?s={search_term_string}\"},\"query-input\":{\"@type\":\"PropertyValueSpecification\",\"valueRequired\":true,\"valueName\":\"search_term_string\"}}],\"inLanguage\":\"cs\"},{\"@type\":\"Organization\",\"@id\":\"https:\/\/www.barbaratemplate.com\/#organization\",\"name\":\"Barbara Template\",\"url\":\"https:\/\/www.barbaratemplate.com\/\",\"logo\":{\"@type\":\"ImageObject\",\"inLanguage\":\"cs\",\"@id\":\"https:\/\/www.barbaratemplate.com\/#\/schema\/logo\/image\/\",\"url\":\"https:\/\/www.barbaratemplate.com\/wp-content\/uploads\/2023\/07\/cropped-logo-512x512-1.png\",\"contentUrl\":\"https:\/\/www.barbaratemplate.com\/wp-content\/uploads\/2023\/07\/cropped-logo-512x512-1.png\",\"width\":512,\"height\":512,\"caption\":\"Barbara Template\"},\"image\":{\"@id\":\"https:\/\/www.barbaratemplate.com\/#\/schema\/logo\/image\/\"}}]}<\/script>\n<!-- \/ Yoast SEO plugin. -->","yoast_head_json":{"title":"Your Profile - Barbara Template","robots":{"index":"noindex","follow":"follow","max-snippet":"max-snippet:-1","max-image-preview":"max-image-preview:large","max-video-preview":"max-video-preview:-1"},"og_locale":"cs_CZ","og_type":"article","og_title":"Your Profile - Barbara Template","og_description":"[pmpro_member_profile_edit]","og_url":"https:\/\/www.barbaratemplate.com\/cs\/ucet-clenstvi\/your-profile\/","og_site_name":"Barbara Template","twitter_card":"summary_large_image","schema":{"@context":"https:\/\/schema.org","@graph":[{"@type":"WebPage","@id":"https:\/\/www.barbaratemplate.com\/ucet-clenstvi\/your-profile\/","url":"https:\/\/www.barbaratemplate.com\/ucet-clenstvi\/your-profile\/","name":"Your Profile - Barbara Template","isPartOf":{"@id":"https:\/\/www.barbaratemplate.com\/#website"},"datePublished":"2023-07-09T17:58:49+00:00","breadcrumb":{"@id":"https:\/\/www.barbaratemplate.com\/ucet-clenstvi\/your-profile\/#breadcrumb"},"inLanguage":"cs","potentialAction":[{"@type":"ReadAction","target":["https:\/\/www.barbaratemplate.com\/ucet-clenstvi\/your-profile\/"]}]},{"@type":"BreadcrumbList","@id":"https:\/\/www.barbaratemplate.com\/ucet-clenstvi\/your-profile\/#breadcrumb","itemListElement":[{"@type":"ListItem","position":1,"name":"Home","item":"https:\/\/www.barbaratemplate.com\/"},{"@type":"ListItem","position":2,"name":"\u00da\u010det \u010dlenstv\u00ed","item":"https:\/\/www.barbaratemplate.com\/ucet-clenstvi\/"},{"@type":"ListItem","position":3,"name":"Your Profile"}]},{"@type":"WebSite","@id":"https:\/\/www.barbaratemplate.com\/#website","url":"https:\/\/www.barbaratemplate.com\/","name":"Barbara Template","description":"Your social templates","publisher":{"@id":"https:\/\/www.barbaratemplate.com\/#organization"},"potentialAction":[{"@type":"SearchAction","target":{"@type":"EntryPoint","urlTemplate":"https:\/\/www.barbaratemplate.com\/?s={search_term_string}"},"query-input":{"@type":"PropertyValueSpecification","valueRequired":true,"valueName":"search_term_string"}}],"inLanguage":"cs"},{"@type":"Organization","@id":"https:\/\/www.barbaratemplate.com\/#organization","name":"Barbara Template","url":"https:\/\/www.barbaratemplate.com\/","logo":{"@type":"ImageObject","inLanguage":"cs","@id":"https:\/\/www.barbaratemplate.com\/#\/schema\/logo\/image\/","url":"https:\/\/www.barbaratemplate.com\/wp-content\/uploads\/2023\/07\/cropped-logo-512x512-1.png","contentUrl":"https:\/\/www.barbaratemplate.com\/wp-content\/uploads\/2023\/07\/cropped-logo-512x512-1.png","width":512,"height":512,"caption":"Barbara Template"},"image":{"@id":"https:\/\/www.barbaratemplate.com\/#\/schema\/logo\/image\/"}}]}},"_links":{"self":[{"href":"https:\/\/www.barbaratemplate.com\/cs\/wp-json\/wp\/v2\/pages\/2241"}],"collection":[{"href":"https:\/\/www.barbaratemplate.com\/cs\/wp-json\/wp\/v2\/pages"}],"about":[{"href":"https:\/\/www.barbaratemplate.com\/cs\/wp-json\/wp\/v2\/types\/page"}],"author":[{"embeddable":true,"href":"https:\/\/www.barbaratemplate.com\/cs\/wp-json\/wp\/v2\/users\/1"}],"replies":[{"embeddable":true,"href":"https:\/\/www.barbaratemplate.com\/cs\/wp-json\/wp\/v2\/comments?post=2241"}],"version-history":[{"count":0,"href":"https:\/\/www.barbaratemplate.com\/cs\/wp-json\/wp\/v2\/pages\/2241\/revisions"}],"up":[{"embeddable":true,"href":"https:\/\/www.barbaratemplate.com\/cs\/wp-json\/wp\/v2\/pages\/2233"}],"wp:attachment":[{"href":"https:\/\/www.barbaratemplate.com\/cs\/wp-json\/wp\/v2\/media?parent=2241"}],"curies":[{"name":"wp","href":"https:\/\/api.w.org\/{rel}","templated":true}]}}