{"id":11479,"date":"2023-08-04T01:34:12","date_gmt":"2023-08-03T23:34:12","guid":{"rendered":"https:\/\/www.barbaratemplate.com\/product\/uncle-christmas-shirt-gift\/"},"modified":"2024-01-20T20:40:39","modified_gmt":"2024-01-20T19:40:39","slug":"uncle-christmas-shirt-gift","status":"publish","type":"product","link":"https:\/\/www.barbaratemplate.com\/cs\/produkt\/uncle-christmas-shirt-gift\/","title":{"rendered":"Uncle Christmas shirt gift"},"content":{"rendered":"<div data-pm-slice=\"1 1 []\" data-en-clipboard=\"true\"><span style=\"color: #222222;\">Are you bored of the classic, worn out design of your t-shirt? Make this Christmas memorable by giving your loved one something that they will wear over and over again. <\/span><\/div>\n<div><\/div>\n<div><span style=\"color: #222222;\">\u2665About Product<\/span><\/div>\n<div><span style=\"color: #222222;\">Gildan 5000, made of 100% heavy cotton and available in a variety of colors.<\/span><\/div>\n<div><\/div>\n<div><span style=\"color: #222222;\">Features<\/span><\/div>\n<div><span style=\"color: #222222;\">&#8211; 100% preshrunk cotton (fabrication may be different for certain colors)<\/span><\/div>\n<div><span style=\"color: #222222;\">&#8211; Blank product is manufactured in various countries<\/span><\/div>\n<div><span style=\"color: #222222;\">&#8211; Classic fit<\/span><\/div>\n<div><span style=\"color: #222222;\">&#8211; Fabric weight: 5.3 oz\/yd\u00b2 (180 g\/m\u00b2)<\/span><\/div>\n<div><span style=\"color: #222222;\">&#8211; Taped neck and shoulders for stability and stretch resistance<\/span><\/div>\n<div><span style=\"color: #222222;\">&#8211; Tear away label<\/span><\/div>\n<div><\/div>\n<div><span style=\"color: #222222;\">\u2665Sizing<\/span><\/div>\n<div><span style=\"color: #222222;\">!Check The Size Charts In The Images!<\/span><\/div>\n<div><span style=\"color: #222222;\">Please check size charts before ordering.<\/span><\/div>\n<div><span style=\"color: #222222;\">All our items are made to order and are aim to be dispatched in just 1-4 working days.<\/span><\/div>\n<div><span style=\"color: #222222;\">If you have any questions then just drop us a message and we will get back to you right away.<\/span><\/div>\n<div><\/div>\n<div><span style=\"color: #222222;\">These shirts are true size and run just a little large due to being unisex. If you want a tighter fit, order a size down. If you are unsure about sizing or prefer a looser fit, we recommend going a size up.<\/span><\/div>\n<div><\/div>\n<div><span style=\"color: #222222;\">Please make sure to check the size chart. You can find the size chart by scrolling through the photos in the listing.<\/span><\/div>\n<div><\/div>\n<div><span style=\"color: #222222;\">When measuring a shirt, lay the shirt down on a flat surface and measure across the shirt from armpit to armpit to get the proper chest width. Measure a comfy shirt you already own and compare this to our size chart in order to get a good fit!<\/span><\/div>\n<div><\/div>\n<div><span style=\"color: #222222;\">\u2665How to order<\/span><\/div>\n<div><span style=\"color: #222222;\">1-Choose your shirt size.<\/span><\/div>\n<div><span style=\"color: #222222;\">2-Choose your shirt color.<\/span><\/div>\n<div><span style=\"color: #222222;\">3-Select the quantity.<\/span><\/div>\n<div><span style=\"color: #222222;\">4- Click Add To Cart.<\/span><\/div>\n<div><span style=\"color: #222222;\">5-You can go back and add more products<\/span><\/div>\n<div><span style=\"color: #222222;\">6-Click Proceed to Check out<\/span><\/div>\n<div><span style=\"color: #222222;\">7-Finally, your shirts will be ready to ship within days stated<\/span><\/div>\n<div><\/div>\n<div><span style=\"color: #222222;\">\u2665Washing and drying instructions:<\/span><\/div>\n<div><span style=\"color: #222222;\">&#8211; Wash in warm water, max 40C or 105F.<\/span><\/div>\n<div><span style=\"color: #222222;\">&#8211; Use non-chlorine bleach only when necessary.<\/span><\/div>\n<div><span style=\"color: #222222;\">&#8211; Do not dry clean.<\/span><\/div>\n<div><span style=\"color: #222222;\">&#8211; Do not iron.<\/span><\/div>\n<div><span style=\"color: #222222;\">&#8211; Tumble Dry Medium.<\/span><\/div>\n<div><\/div>\n<div><span style=\"color: #222222;\">\u2665Shipping<\/span><\/div>\n<div><span style=\"color: #222222;\">Please make sure to check our Shipping &amp; Policies page before purchasing for information on production and shipping times as it may change during busier times such as holidays (Halloween, Black Friday, Christmas), as well as our return policy.<\/span><\/div>\n<div><\/div>\n<div><span style=\"color: #222222;\">We are not responsible for items that are delivered to incorrect addresses or for items that are marked as delivered by the USPS.<\/span><\/div>\n<div><\/div>\n<div><span style=\"color: #222222;\">!!!Please have in mind longer shipping times during holidays and make an order in advance to get your order in time.<\/span><\/div>\n<div><\/div>\n<div><span style=\"color: #222222;\">\u2665Returns and Exchanges<\/span><\/div>\n<div><span style=\"color: #222222;\">We completely understand that it can be a challenge to find the perfect size online without being able to try it on before purchase, especially with variations in sizing across thousands of brands.<\/span><\/div>\n<div><\/div>\n<div><span style=\"color: #222222;\">Send us a message for clarification on any policy or if you have any questions or concerns.<\/span><\/div>\n<div><span style=\"color: #222222;\">If your shirt doesn&#8217;t fit or you&#8217;ve simply changed your mind then contact us right away and we will be here to help.<\/span><\/div>\n<div><\/div>\n<div><span style=\"color: #222222;\">Thank you for your visit.<\/span><\/div>\n<p>&nbsp;<\/p>\n<div><span style=\"color: #222222;\">Barbara\u00a0<\/span><\/div>","protected":false},"excerpt":{"rendered":"<p>Are you bored of the classic, worn out design of your t-shirt? Make this Christmas memorable by giving your loved one something that they will wear over and over again. \u2665About Product Gildan 5000, made of 100% heavy cotton and available in a variety of colors. Features &#8211; 100% preshrunk cotton (fabrication may be different [&hellip;]<\/p>\n","protected":false},"featured_media":11708,"comment_status":"open","ping_status":"closed","template":"","meta":{"editor_plus_copied_stylings":"{}"},"product_cat":[256,257,258,15,78,267,291,297,298,270],"product_tag":[108,203,190,191,189],"yoast_head":"<!-- This site is optimized with the Yoast SEO plugin v24.5 - https:\/\/yoast.com\/wordpress\/plugins\/seo\/ -->\n<title>Uncle Christmas shirt gift - Barbara Template<\/title>\n<meta name=\"robots\" content=\"noindex, follow, max-snippet:-1, max-image-preview:large, max-video-preview:-1\" \/>\n<meta property=\"og:locale\" content=\"cs_CZ\" \/>\n<meta property=\"og:type\" content=\"article\" \/>\n<meta property=\"og:title\" content=\"Uncle Christmas shirt gift - Barbara Template\" \/>\n<meta property=\"og:description\" content=\"Are you bored of the classic, worn out design of your t-shirt? Make this Christmas memorable by giving your loved one something that they will wear over and over again. \u2665About Product Gildan 5000, made of 100% heavy cotton and available in a variety of colors. Features &#8211; 100% preshrunk cotton (fabrication may be different [&hellip;]\" \/>\n<meta property=\"og:url\" content=\"https:\/\/www.barbaratemplate.com\/cs\/produkt\/uncle-christmas-shirt-gift\/\" \/>\n<meta property=\"og:site_name\" content=\"Barbara Template\" \/>\n<meta property=\"article:modified_time\" content=\"2024-01-20T19:40:39+00:00\" \/>\n<meta property=\"og:image\" content=\"https:\/\/www.barbaratemplate.com\/wp-content\/uploads\/2023\/08\/gildan5k1-16-scaled.jpg\" \/>\n\t<meta property=\"og:image:width\" content=\"2560\" \/>\n\t<meta property=\"og:image:height\" content=\"1920\" \/>\n\t<meta property=\"og:image:type\" content=\"image\/jpeg\" \/>\n<meta name=\"twitter:card\" content=\"summary_large_image\" \/>\n<meta name=\"twitter:label1\" content=\"Odhadovan\u00e1 doba \u010dten\u00ed\" \/>\n\t<meta name=\"twitter:data1\" content=\"3 minuty\" \/>\n<script type=\"application\/ld+json\" class=\"yoast-schema-graph\">{\"@context\":\"https:\/\/schema.org\",\"@graph\":[{\"@type\":\"WebPage\",\"@id\":\"https:\/\/www.barbaratemplate.com\/product\/uncle-christmas-shirt-gift\/\",\"url\":\"https:\/\/www.barbaratemplate.com\/product\/uncle-christmas-shirt-gift\/\",\"name\":\"Uncle Christmas shirt gift - Barbara Template\",\"isPartOf\":{\"@id\":\"https:\/\/www.barbaratemplate.com\/#website\"},\"primaryImageOfPage\":{\"@id\":\"https:\/\/www.barbaratemplate.com\/product\/uncle-christmas-shirt-gift\/#primaryimage\"},\"image\":{\"@id\":\"https:\/\/www.barbaratemplate.com\/product\/uncle-christmas-shirt-gift\/#primaryimage\"},\"thumbnailUrl\":\"https:\/\/www.barbaratemplate.com\/wp-content\/uploads\/2023\/08\/gildan5k1-16-scaled.jpg\",\"datePublished\":\"2023-08-03T23:34:12+00:00\",\"dateModified\":\"2024-01-20T19:40:39+00:00\",\"breadcrumb\":{\"@id\":\"https:\/\/www.barbaratemplate.com\/product\/uncle-christmas-shirt-gift\/#breadcrumb\"},\"inLanguage\":\"cs\",\"potentialAction\":[{\"@type\":\"ReadAction\",\"target\":[\"https:\/\/www.barbaratemplate.com\/product\/uncle-christmas-shirt-gift\/\"]}]},{\"@type\":\"ImageObject\",\"inLanguage\":\"cs\",\"@id\":\"https:\/\/www.barbaratemplate.com\/product\/uncle-christmas-shirt-gift\/#primaryimage\",\"url\":\"https:\/\/www.barbaratemplate.com\/wp-content\/uploads\/2023\/08\/gildan5k1-16-scaled.jpg\",\"contentUrl\":\"https:\/\/www.barbaratemplate.com\/wp-content\/uploads\/2023\/08\/gildan5k1-16-scaled.jpg\",\"width\":2560,\"height\":1920,\"caption\":\"Uncle Christmas shirt gift\"},{\"@type\":\"BreadcrumbList\",\"@id\":\"https:\/\/www.barbaratemplate.com\/product\/uncle-christmas-shirt-gift\/#breadcrumb\",\"itemListElement\":[{\"@type\":\"ListItem\",\"position\":1,\"name\":\"Home\",\"item\":\"https:\/\/www.barbaratemplate.com\/\"},{\"@type\":\"ListItem\",\"position\":2,\"name\":\"Shop\",\"item\":\"https:\/\/www.barbaratemplate.com\/shop\/\"},{\"@type\":\"ListItem\",\"position\":3,\"name\":\"Uncle Christmas shirt gift\"}]},{\"@type\":\"WebSite\",\"@id\":\"https:\/\/www.barbaratemplate.com\/#website\",\"url\":\"https:\/\/www.barbaratemplate.com\/\",\"name\":\"Barbara Template\",\"description\":\"Your social templates\",\"publisher\":{\"@id\":\"https:\/\/www.barbaratemplate.com\/#organization\"},\"potentialAction\":[{\"@type\":\"SearchAction\",\"target\":{\"@type\":\"EntryPoint\",\"urlTemplate\":\"https:\/\/www.barbaratemplate.com\/?s={search_term_string}\"},\"query-input\":{\"@type\":\"PropertyValueSpecification\",\"valueRequired\":true,\"valueName\":\"search_term_string\"}}],\"inLanguage\":\"cs\"},{\"@type\":\"Organization\",\"@id\":\"https:\/\/www.barbaratemplate.com\/#organization\",\"name\":\"Barbara Template\",\"url\":\"https:\/\/www.barbaratemplate.com\/\",\"logo\":{\"@type\":\"ImageObject\",\"inLanguage\":\"cs\",\"@id\":\"https:\/\/www.barbaratemplate.com\/#\/schema\/logo\/image\/\",\"url\":\"https:\/\/www.barbaratemplate.com\/wp-content\/uploads\/2023\/07\/cropped-logo-512x512-1.png\",\"contentUrl\":\"https:\/\/www.barbaratemplate.com\/wp-content\/uploads\/2023\/07\/cropped-logo-512x512-1.png\",\"width\":512,\"height\":512,\"caption\":\"Barbara Template\"},\"image\":{\"@id\":\"https:\/\/www.barbaratemplate.com\/#\/schema\/logo\/image\/\"}}]}<\/script>\n<!-- \/ Yoast SEO plugin. -->","yoast_head_json":{"title":"Uncle Christmas shirt gift - Barbara Template","robots":{"index":"noindex","follow":"follow","max-snippet":"max-snippet:-1","max-image-preview":"max-image-preview:large","max-video-preview":"max-video-preview:-1"},"og_locale":"cs_CZ","og_type":"article","og_title":"Uncle Christmas shirt gift - Barbara Template","og_description":"Are you bored of the classic, worn out design of your t-shirt? Make this Christmas memorable by giving your loved one something that they will wear over and over again. \u2665About Product Gildan 5000, made of 100% heavy cotton and available in a variety of colors. Features &#8211; 100% preshrunk cotton (fabrication may be different [&hellip;]","og_url":"https:\/\/www.barbaratemplate.com\/cs\/produkt\/uncle-christmas-shirt-gift\/","og_site_name":"Barbara Template","article_modified_time":"2024-01-20T19:40:39+00:00","og_image":[{"width":2560,"height":1920,"url":"https:\/\/www.barbaratemplate.com\/wp-content\/uploads\/2023\/08\/gildan5k1-16-scaled.jpg","type":"image\/jpeg"}],"twitter_card":"summary_large_image","twitter_misc":{"Odhadovan\u00e1 doba \u010dten\u00ed":"3 minuty"},"schema":{"@context":"https:\/\/schema.org","@graph":[{"@type":"WebPage","@id":"https:\/\/www.barbaratemplate.com\/product\/uncle-christmas-shirt-gift\/","url":"https:\/\/www.barbaratemplate.com\/product\/uncle-christmas-shirt-gift\/","name":"Uncle Christmas shirt gift - Barbara Template","isPartOf":{"@id":"https:\/\/www.barbaratemplate.com\/#website"},"primaryImageOfPage":{"@id":"https:\/\/www.barbaratemplate.com\/product\/uncle-christmas-shirt-gift\/#primaryimage"},"image":{"@id":"https:\/\/www.barbaratemplate.com\/product\/uncle-christmas-shirt-gift\/#primaryimage"},"thumbnailUrl":"https:\/\/www.barbaratemplate.com\/wp-content\/uploads\/2023\/08\/gildan5k1-16-scaled.jpg","datePublished":"2023-08-03T23:34:12+00:00","dateModified":"2024-01-20T19:40:39+00:00","breadcrumb":{"@id":"https:\/\/www.barbaratemplate.com\/product\/uncle-christmas-shirt-gift\/#breadcrumb"},"inLanguage":"cs","potentialAction":[{"@type":"ReadAction","target":["https:\/\/www.barbaratemplate.com\/product\/uncle-christmas-shirt-gift\/"]}]},{"@type":"ImageObject","inLanguage":"cs","@id":"https:\/\/www.barbaratemplate.com\/product\/uncle-christmas-shirt-gift\/#primaryimage","url":"https:\/\/www.barbaratemplate.com\/wp-content\/uploads\/2023\/08\/gildan5k1-16-scaled.jpg","contentUrl":"https:\/\/www.barbaratemplate.com\/wp-content\/uploads\/2023\/08\/gildan5k1-16-scaled.jpg","width":2560,"height":1920,"caption":"Uncle Christmas shirt gift"},{"@type":"BreadcrumbList","@id":"https:\/\/www.barbaratemplate.com\/product\/uncle-christmas-shirt-gift\/#breadcrumb","itemListElement":[{"@type":"ListItem","position":1,"name":"Home","item":"https:\/\/www.barbaratemplate.com\/"},{"@type":"ListItem","position":2,"name":"Shop","item":"https:\/\/www.barbaratemplate.com\/shop\/"},{"@type":"ListItem","position":3,"name":"Uncle Christmas shirt gift"}]},{"@type":"WebSite","@id":"https:\/\/www.barbaratemplate.com\/#website","url":"https:\/\/www.barbaratemplate.com\/","name":"Barbara Template","description":"Your social templates","publisher":{"@id":"https:\/\/www.barbaratemplate.com\/#organization"},"potentialAction":[{"@type":"SearchAction","target":{"@type":"EntryPoint","urlTemplate":"https:\/\/www.barbaratemplate.com\/?s={search_term_string}"},"query-input":{"@type":"PropertyValueSpecification","valueRequired":true,"valueName":"search_term_string"}}],"inLanguage":"cs"},{"@type":"Organization","@id":"https:\/\/www.barbaratemplate.com\/#organization","name":"Barbara Template","url":"https:\/\/www.barbaratemplate.com\/","logo":{"@type":"ImageObject","inLanguage":"cs","@id":"https:\/\/www.barbaratemplate.com\/#\/schema\/logo\/image\/","url":"https:\/\/www.barbaratemplate.com\/wp-content\/uploads\/2023\/07\/cropped-logo-512x512-1.png","contentUrl":"https:\/\/www.barbaratemplate.com\/wp-content\/uploads\/2023\/07\/cropped-logo-512x512-1.png","width":512,"height":512,"caption":"Barbara Template"},"image":{"@id":"https:\/\/www.barbaratemplate.com\/#\/schema\/logo\/image\/"}}]}},"_links":{"self":[{"href":"https:\/\/www.barbaratemplate.com\/cs\/wp-json\/wp\/v2\/product\/11479"}],"collection":[{"href":"https:\/\/www.barbaratemplate.com\/cs\/wp-json\/wp\/v2\/product"}],"about":[{"href":"https:\/\/www.barbaratemplate.com\/cs\/wp-json\/wp\/v2\/types\/product"}],"replies":[{"embeddable":true,"href":"https:\/\/www.barbaratemplate.com\/cs\/wp-json\/wp\/v2\/comments?post=11479"}],"wp:featuredmedia":[{"embeddable":true,"href":"https:\/\/www.barbaratemplate.com\/cs\/wp-json\/wp\/v2\/media\/11708"}],"wp:attachment":[{"href":"https:\/\/www.barbaratemplate.com\/cs\/wp-json\/wp\/v2\/media?parent=11479"}],"wp:term":[{"taxonomy":"product_cat","embeddable":true,"href":"https:\/\/www.barbaratemplate.com\/cs\/wp-json\/wp\/v2\/product_cat?post=11479"},{"taxonomy":"product_tag","embeddable":true,"href":"https:\/\/www.barbaratemplate.com\/cs\/wp-json\/wp\/v2\/product_tag?post=11479"}],"curies":[{"name":"wp","href":"https:\/\/api.w.org\/{rel}","templated":true}]}}