{"id":2274,"date":"2023-07-24T13:50:41","date_gmt":"2023-07-24T11:50:41","guid":{"rendered":"https:\/\/www.barbaratemplate.com\/product\/cute-halloween-stickers-for-kids-watercolour-spooky-decorative-stickers-vinyl-sticker-pack-halloween-laptop-sticker\/"},"modified":"2024-01-20T21:19:16","modified_gmt":"2024-01-20T20:19:16","slug":"cute-halloween-stickers-for-kids-watercolour-spooky-decorative-stickers-vinyl-sticker-pack-halloween-laptop-sticker","status":"publish","type":"product","link":"https:\/\/www.barbaratemplate.com\/cs\/produkt\/cute-halloween-stickers-for-kids-watercolour-spooky-decorative-stickers-vinyl-sticker-pack-halloween-laptop-sticker\/","title":{"rendered":"Cute Halloween stickers for kids"},"content":{"rendered":"<p>These stickers are printed on durable, high opacity adhesive vinyl which makes them perfect for regular use, as well as for covering other stickers or paint. The high-quality vinyl ensures there are no bubbles when applying the stickers.<\/p>\n<p>\u2022 High opacity film that\u2019s impossible to see through<br \/>\n\u2022 Fast and easy bubble-free application<br \/>\n\u2022 Durable vinyl, perfect for indoor use<br \/>\n\u2022 95\u00b5 density<\/p>\n<p>Don&#8217;t forget to clean the surface before applying the sticker.<\/p>","protected":false},"excerpt":{"rendered":"<p>These stickers are printed on durable, high opacity adhesive vinyl which makes them perfect for regular use, as well as for covering other stickers or paint. The high-quality vinyl ensures there are no bubbles when applying the stickers. \u2022 High opacity film that\u2019s impossible to see through \u2022 Fast and easy bubble-free application \u2022 Durable [&hellip;]<\/p>\n","protected":false},"featured_media":8219,"comment_status":"open","ping_status":"closed","template":"","meta":{"editor_plus_copied_stylings":"{}"},"product_cat":[258,15,78,263,288,289,278],"product_tag":[111,197],"yoast_head":"<!-- This site is optimized with the Yoast SEO plugin v24.5 - https:\/\/yoast.com\/wordpress\/plugins\/seo\/ -->\n<title>Cute Halloween stickers for kids - Barbara Template<\/title>\n<meta name=\"robots\" content=\"noindex, follow, max-snippet:-1, max-image-preview:large, max-video-preview:-1\" \/>\n<meta property=\"og:locale\" content=\"cs_CZ\" \/>\n<meta property=\"og:type\" content=\"article\" \/>\n<meta property=\"og:title\" content=\"Cute Halloween stickers for kids - Barbara Template\" \/>\n<meta property=\"og:description\" content=\"These stickers are printed on durable, high opacity adhesive vinyl which makes them perfect for regular use, as well as for covering other stickers or paint. The high-quality vinyl ensures there are no bubbles when applying the stickers. \u2022 High opacity film that\u2019s impossible to see through \u2022 Fast and easy bubble-free application \u2022 Durable [&hellip;]\" \/>\n<meta property=\"og:url\" content=\"https:\/\/www.barbaratemplate.com\/cs\/produkt\/cute-halloween-stickers-for-kids-watercolour-spooky-decorative-stickers-vinyl-sticker-pack-halloween-laptop-sticker\/\" \/>\n<meta property=\"og:site_name\" content=\"Barbara Template\" \/>\n<meta property=\"article:modified_time\" content=\"2024-01-20T20:19:16+00:00\" \/>\n<meta property=\"og:image\" content=\"https:\/\/www.barbaratemplate.com\/wp-content\/uploads\/2023\/07\/stickers1-1-scaled.jpg\" \/>\n\t<meta property=\"og:image:width\" content=\"2560\" \/>\n\t<meta property=\"og:image:height\" content=\"1920\" \/>\n\t<meta property=\"og:image:type\" content=\"image\/jpeg\" \/>\n<meta name=\"twitter:card\" content=\"summary_large_image\" \/>\n<meta name=\"twitter:label1\" content=\"Odhadovan\u00e1 doba \u010dten\u00ed\" \/>\n\t<meta name=\"twitter:data1\" content=\"1 minuta\" \/>\n<script type=\"application\/ld+json\" class=\"yoast-schema-graph\">{\"@context\":\"https:\/\/schema.org\",\"@graph\":[{\"@type\":\"WebPage\",\"@id\":\"https:\/\/www.barbaratemplate.com\/product\/cute-halloween-stickers-for-kids-watercolour-spooky-decorative-stickers-vinyl-sticker-pack-halloween-laptop-sticker\/\",\"url\":\"https:\/\/www.barbaratemplate.com\/product\/cute-halloween-stickers-for-kids-watercolour-spooky-decorative-stickers-vinyl-sticker-pack-halloween-laptop-sticker\/\",\"name\":\"Cute Halloween stickers for kids - Barbara Template\",\"isPartOf\":{\"@id\":\"https:\/\/www.barbaratemplate.com\/#website\"},\"primaryImageOfPage\":{\"@id\":\"https:\/\/www.barbaratemplate.com\/product\/cute-halloween-stickers-for-kids-watercolour-spooky-decorative-stickers-vinyl-sticker-pack-halloween-laptop-sticker\/#primaryimage\"},\"image\":{\"@id\":\"https:\/\/www.barbaratemplate.com\/product\/cute-halloween-stickers-for-kids-watercolour-spooky-decorative-stickers-vinyl-sticker-pack-halloween-laptop-sticker\/#primaryimage\"},\"thumbnailUrl\":\"https:\/\/www.barbaratemplate.com\/wp-content\/uploads\/2023\/07\/stickers1-1-scaled.jpg\",\"datePublished\":\"2023-07-24T11:50:41+00:00\",\"dateModified\":\"2024-01-20T20:19:16+00:00\",\"breadcrumb\":{\"@id\":\"https:\/\/www.barbaratemplate.com\/product\/cute-halloween-stickers-for-kids-watercolour-spooky-decorative-stickers-vinyl-sticker-pack-halloween-laptop-sticker\/#breadcrumb\"},\"inLanguage\":\"cs\",\"potentialAction\":[{\"@type\":\"ReadAction\",\"target\":[\"https:\/\/www.barbaratemplate.com\/product\/cute-halloween-stickers-for-kids-watercolour-spooky-decorative-stickers-vinyl-sticker-pack-halloween-laptop-sticker\/\"]}]},{\"@type\":\"ImageObject\",\"inLanguage\":\"cs\",\"@id\":\"https:\/\/www.barbaratemplate.com\/product\/cute-halloween-stickers-for-kids-watercolour-spooky-decorative-stickers-vinyl-sticker-pack-halloween-laptop-sticker\/#primaryimage\",\"url\":\"https:\/\/www.barbaratemplate.com\/wp-content\/uploads\/2023\/07\/stickers1-1-scaled.jpg\",\"contentUrl\":\"https:\/\/www.barbaratemplate.com\/wp-content\/uploads\/2023\/07\/stickers1-1-scaled.jpg\",\"width\":2560,\"height\":1920,\"caption\":\"Cute Halloween stickers for kids\"},{\"@type\":\"BreadcrumbList\",\"@id\":\"https:\/\/www.barbaratemplate.com\/product\/cute-halloween-stickers-for-kids-watercolour-spooky-decorative-stickers-vinyl-sticker-pack-halloween-laptop-sticker\/#breadcrumb\",\"itemListElement\":[{\"@type\":\"ListItem\",\"position\":1,\"name\":\"Home\",\"item\":\"https:\/\/www.barbaratemplate.com\/\"},{\"@type\":\"ListItem\",\"position\":2,\"name\":\"Shop\",\"item\":\"https:\/\/www.barbaratemplate.com\/shop\/\"},{\"@type\":\"ListItem\",\"position\":3,\"name\":\"Cute Halloween stickers for kids\"}]},{\"@type\":\"WebSite\",\"@id\":\"https:\/\/www.barbaratemplate.com\/#website\",\"url\":\"https:\/\/www.barbaratemplate.com\/\",\"name\":\"Barbara Template\",\"description\":\"Your social templates\",\"publisher\":{\"@id\":\"https:\/\/www.barbaratemplate.com\/#organization\"},\"potentialAction\":[{\"@type\":\"SearchAction\",\"target\":{\"@type\":\"EntryPoint\",\"urlTemplate\":\"https:\/\/www.barbaratemplate.com\/?s={search_term_string}\"},\"query-input\":{\"@type\":\"PropertyValueSpecification\",\"valueRequired\":true,\"valueName\":\"search_term_string\"}}],\"inLanguage\":\"cs\"},{\"@type\":\"Organization\",\"@id\":\"https:\/\/www.barbaratemplate.com\/#organization\",\"name\":\"Barbara Template\",\"url\":\"https:\/\/www.barbaratemplate.com\/\",\"logo\":{\"@type\":\"ImageObject\",\"inLanguage\":\"cs\",\"@id\":\"https:\/\/www.barbaratemplate.com\/#\/schema\/logo\/image\/\",\"url\":\"https:\/\/www.barbaratemplate.com\/wp-content\/uploads\/2023\/07\/cropped-logo-512x512-1.png\",\"contentUrl\":\"https:\/\/www.barbaratemplate.com\/wp-content\/uploads\/2023\/07\/cropped-logo-512x512-1.png\",\"width\":512,\"height\":512,\"caption\":\"Barbara Template\"},\"image\":{\"@id\":\"https:\/\/www.barbaratemplate.com\/#\/schema\/logo\/image\/\"}}]}<\/script>\n<!-- \/ Yoast SEO plugin. -->","yoast_head_json":{"title":"Cute Halloween stickers for kids - Barbara Template","robots":{"index":"noindex","follow":"follow","max-snippet":"max-snippet:-1","max-image-preview":"max-image-preview:large","max-video-preview":"max-video-preview:-1"},"og_locale":"cs_CZ","og_type":"article","og_title":"Cute Halloween stickers for kids - Barbara Template","og_description":"These stickers are printed on durable, high opacity adhesive vinyl which makes them perfect for regular use, as well as for covering other stickers or paint. The high-quality vinyl ensures there are no bubbles when applying the stickers. \u2022 High opacity film that\u2019s impossible to see through \u2022 Fast and easy bubble-free application \u2022 Durable [&hellip;]","og_url":"https:\/\/www.barbaratemplate.com\/cs\/produkt\/cute-halloween-stickers-for-kids-watercolour-spooky-decorative-stickers-vinyl-sticker-pack-halloween-laptop-sticker\/","og_site_name":"Barbara Template","article_modified_time":"2024-01-20T20:19:16+00:00","og_image":[{"width":2560,"height":1920,"url":"https:\/\/www.barbaratemplate.com\/wp-content\/uploads\/2023\/07\/stickers1-1-scaled.jpg","type":"image\/jpeg"}],"twitter_card":"summary_large_image","twitter_misc":{"Odhadovan\u00e1 doba \u010dten\u00ed":"1 minuta"},"schema":{"@context":"https:\/\/schema.org","@graph":[{"@type":"WebPage","@id":"https:\/\/www.barbaratemplate.com\/product\/cute-halloween-stickers-for-kids-watercolour-spooky-decorative-stickers-vinyl-sticker-pack-halloween-laptop-sticker\/","url":"https:\/\/www.barbaratemplate.com\/product\/cute-halloween-stickers-for-kids-watercolour-spooky-decorative-stickers-vinyl-sticker-pack-halloween-laptop-sticker\/","name":"Cute Halloween stickers for kids - Barbara Template","isPartOf":{"@id":"https:\/\/www.barbaratemplate.com\/#website"},"primaryImageOfPage":{"@id":"https:\/\/www.barbaratemplate.com\/product\/cute-halloween-stickers-for-kids-watercolour-spooky-decorative-stickers-vinyl-sticker-pack-halloween-laptop-sticker\/#primaryimage"},"image":{"@id":"https:\/\/www.barbaratemplate.com\/product\/cute-halloween-stickers-for-kids-watercolour-spooky-decorative-stickers-vinyl-sticker-pack-halloween-laptop-sticker\/#primaryimage"},"thumbnailUrl":"https:\/\/www.barbaratemplate.com\/wp-content\/uploads\/2023\/07\/stickers1-1-scaled.jpg","datePublished":"2023-07-24T11:50:41+00:00","dateModified":"2024-01-20T20:19:16+00:00","breadcrumb":{"@id":"https:\/\/www.barbaratemplate.com\/product\/cute-halloween-stickers-for-kids-watercolour-spooky-decorative-stickers-vinyl-sticker-pack-halloween-laptop-sticker\/#breadcrumb"},"inLanguage":"cs","potentialAction":[{"@type":"ReadAction","target":["https:\/\/www.barbaratemplate.com\/product\/cute-halloween-stickers-for-kids-watercolour-spooky-decorative-stickers-vinyl-sticker-pack-halloween-laptop-sticker\/"]}]},{"@type":"ImageObject","inLanguage":"cs","@id":"https:\/\/www.barbaratemplate.com\/product\/cute-halloween-stickers-for-kids-watercolour-spooky-decorative-stickers-vinyl-sticker-pack-halloween-laptop-sticker\/#primaryimage","url":"https:\/\/www.barbaratemplate.com\/wp-content\/uploads\/2023\/07\/stickers1-1-scaled.jpg","contentUrl":"https:\/\/www.barbaratemplate.com\/wp-content\/uploads\/2023\/07\/stickers1-1-scaled.jpg","width":2560,"height":1920,"caption":"Cute Halloween stickers for kids"},{"@type":"BreadcrumbList","@id":"https:\/\/www.barbaratemplate.com\/product\/cute-halloween-stickers-for-kids-watercolour-spooky-decorative-stickers-vinyl-sticker-pack-halloween-laptop-sticker\/#breadcrumb","itemListElement":[{"@type":"ListItem","position":1,"name":"Home","item":"https:\/\/www.barbaratemplate.com\/"},{"@type":"ListItem","position":2,"name":"Shop","item":"https:\/\/www.barbaratemplate.com\/shop\/"},{"@type":"ListItem","position":3,"name":"Cute Halloween stickers for kids"}]},{"@type":"WebSite","@id":"https:\/\/www.barbaratemplate.com\/#website","url":"https:\/\/www.barbaratemplate.com\/","name":"Barbara Template","description":"Your social templates","publisher":{"@id":"https:\/\/www.barbaratemplate.com\/#organization"},"potentialAction":[{"@type":"SearchAction","target":{"@type":"EntryPoint","urlTemplate":"https:\/\/www.barbaratemplate.com\/?s={search_term_string}"},"query-input":{"@type":"PropertyValueSpecification","valueRequired":true,"valueName":"search_term_string"}}],"inLanguage":"cs"},{"@type":"Organization","@id":"https:\/\/www.barbaratemplate.com\/#organization","name":"Barbara Template","url":"https:\/\/www.barbaratemplate.com\/","logo":{"@type":"ImageObject","inLanguage":"cs","@id":"https:\/\/www.barbaratemplate.com\/#\/schema\/logo\/image\/","url":"https:\/\/www.barbaratemplate.com\/wp-content\/uploads\/2023\/07\/cropped-logo-512x512-1.png","contentUrl":"https:\/\/www.barbaratemplate.com\/wp-content\/uploads\/2023\/07\/cropped-logo-512x512-1.png","width":512,"height":512,"caption":"Barbara Template"},"image":{"@id":"https:\/\/www.barbaratemplate.com\/#\/schema\/logo\/image\/"}}]}},"_links":{"self":[{"href":"https:\/\/www.barbaratemplate.com\/cs\/wp-json\/wp\/v2\/product\/2274"}],"collection":[{"href":"https:\/\/www.barbaratemplate.com\/cs\/wp-json\/wp\/v2\/product"}],"about":[{"href":"https:\/\/www.barbaratemplate.com\/cs\/wp-json\/wp\/v2\/types\/product"}],"replies":[{"embeddable":true,"href":"https:\/\/www.barbaratemplate.com\/cs\/wp-json\/wp\/v2\/comments?post=2274"}],"wp:featuredmedia":[{"embeddable":true,"href":"https:\/\/www.barbaratemplate.com\/cs\/wp-json\/wp\/v2\/media\/8219"}],"wp:attachment":[{"href":"https:\/\/www.barbaratemplate.com\/cs\/wp-json\/wp\/v2\/media?parent=2274"}],"wp:term":[{"taxonomy":"product_cat","embeddable":true,"href":"https:\/\/www.barbaratemplate.com\/cs\/wp-json\/wp\/v2\/product_cat?post=2274"},{"taxonomy":"product_tag","embeddable":true,"href":"https:\/\/www.barbaratemplate.com\/cs\/wp-json\/wp\/v2\/product_tag?post=2274"}],"curies":[{"name":"wp","href":"https:\/\/api.w.org\/{rel}","templated":true}]}}