{"id":3796,"date":"2023-07-24T14:25:18","date_gmt":"2023-07-24T12:25:18","guid":{"rendered":"https:\/\/www.barbaratemplate.com\/product\/witchy-shirt-if-the-broom-fits-ride-it-halloween-tee-witchy-gifts\/"},"modified":"2024-01-20T21:13:59","modified_gmt":"2024-01-20T20:13:59","slug":"witchy-shirt-if-the-broom-fits-ride-it-halloween-tee-witchy-gifts","status":"publish","type":"product","link":"https:\/\/www.barbaratemplate.com\/cs\/produkt\/witchy-shirt-if-the-broom-fits-ride-it-halloween-tee-witchy-gifts\/","title":{"rendered":"Witchy shirt"},"content":{"rendered":"<p>Enrich your wardrobe with a versatile long sleeve tee. For a casual look, combine it with your favorite jeans, and layer it with a button-up shirt, a zip-up hoodie, or a snazzy jacket. Dress it up with formal trousers or chinos to achieve a more professional look.<\/p>\n<p>\u2022 100% combed and ring-spun cotton<br \/>\n\u2022 Heather colors are 52% combed and ring-spun cotton, 48% polyester<br \/>\n\u2022 Athletic Heather is 90% combed and ring-spun cotton, 10% polyester<br \/>\n\u2022 Fabric weight: 4.2 oz\/yd\u00b2 (142.4 g\/m\u00b2)<br \/>\n\u2022 32 singles<br \/>\n\u2022 Regular fit<br \/>\n\u2022 Side-seamed construction<br \/>\n\u2022 Crew neck<br \/>\n\u2022 Cover-stitched collar<br \/>\n\u2022 2\u2033 (5 cm) ribbed cuffs<br \/>\n\u2022 Blank product sourced from Nicaragua, Honduras, or the US<\/p>","protected":false},"excerpt":{"rendered":"<p>Enrich your wardrobe with a versatile long sleeve tee. For a casual look, combine it with your favorite jeans, and layer it with a button-up shirt, a zip-up hoodie, or a snazzy jacket. Dress it up with formal trousers or chinos to achieve a more professional look. \u2022 100% combed and ring-spun cotton \u2022 Heather [&hellip;]<\/p>\n","protected":false},"featured_media":8009,"comment_status":"open","ping_status":"closed","template":"","meta":{"editor_plus_copied_stylings":"{}"},"product_cat":[278,256,15,78,297,267,288,258,289,257],"product_tag":[111,195,80],"yoast_head":"<!-- This site is optimized with the Yoast SEO plugin v24.5 - https:\/\/yoast.com\/wordpress\/plugins\/seo\/ -->\n<title>Witchy shirt - Barbara Template<\/title>\n<meta name=\"robots\" content=\"noindex, follow, max-snippet:-1, max-image-preview:large, max-video-preview:-1\" \/>\n<meta property=\"og:locale\" content=\"cs_CZ\" \/>\n<meta property=\"og:type\" content=\"article\" \/>\n<meta property=\"og:title\" content=\"Witchy shirt - Barbara Template\" \/>\n<meta property=\"og:description\" content=\"Enrich your wardrobe with a versatile long sleeve tee. For a casual look, combine it with your favorite jeans, and layer it with a button-up shirt, a zip-up hoodie, or a snazzy jacket. Dress it up with formal trousers or chinos to achieve a more professional look. \u2022 100% combed and ring-spun cotton \u2022 Heather [&hellip;]\" \/>\n<meta property=\"og:url\" content=\"https:\/\/www.barbaratemplate.com\/cs\/produkt\/witchy-shirt-if-the-broom-fits-ride-it-halloween-tee-witchy-gifts\/\" \/>\n<meta property=\"og:site_name\" content=\"Barbara Template\" \/>\n<meta property=\"article:modified_time\" content=\"2024-01-20T20:13:59+00:00\" \/>\n<meta property=\"og:image\" content=\"https:\/\/www.barbaratemplate.com\/wp-content\/uploads\/2023\/07\/HALLOWEEN-SHIRT1-19-scaled.jpg\" \/>\n\t<meta property=\"og:image:width\" content=\"2560\" \/>\n\t<meta property=\"og:image:height\" content=\"1920\" \/>\n\t<meta property=\"og:image:type\" content=\"image\/jpeg\" \/>\n<meta name=\"twitter:card\" content=\"summary_large_image\" \/>\n<meta name=\"twitter:label1\" content=\"Odhadovan\u00e1 doba \u010dten\u00ed\" \/>\n\t<meta name=\"twitter:data1\" content=\"1 minuta\" \/>\n<script type=\"application\/ld+json\" class=\"yoast-schema-graph\">{\"@context\":\"https:\/\/schema.org\",\"@graph\":[{\"@type\":\"WebPage\",\"@id\":\"https:\/\/www.barbaratemplate.com\/product\/witchy-shirt-if-the-broom-fits-ride-it-halloween-tee-witchy-gifts\/\",\"url\":\"https:\/\/www.barbaratemplate.com\/product\/witchy-shirt-if-the-broom-fits-ride-it-halloween-tee-witchy-gifts\/\",\"name\":\"Witchy shirt - Barbara Template\",\"isPartOf\":{\"@id\":\"https:\/\/www.barbaratemplate.com\/#website\"},\"primaryImageOfPage\":{\"@id\":\"https:\/\/www.barbaratemplate.com\/product\/witchy-shirt-if-the-broom-fits-ride-it-halloween-tee-witchy-gifts\/#primaryimage\"},\"image\":{\"@id\":\"https:\/\/www.barbaratemplate.com\/product\/witchy-shirt-if-the-broom-fits-ride-it-halloween-tee-witchy-gifts\/#primaryimage\"},\"thumbnailUrl\":\"https:\/\/www.barbaratemplate.com\/wp-content\/uploads\/2023\/07\/HALLOWEEN-SHIRT1-19-scaled.jpg\",\"datePublished\":\"2023-07-24T12:25:18+00:00\",\"dateModified\":\"2024-01-20T20:13:59+00:00\",\"breadcrumb\":{\"@id\":\"https:\/\/www.barbaratemplate.com\/product\/witchy-shirt-if-the-broom-fits-ride-it-halloween-tee-witchy-gifts\/#breadcrumb\"},\"inLanguage\":\"cs\",\"potentialAction\":[{\"@type\":\"ReadAction\",\"target\":[\"https:\/\/www.barbaratemplate.com\/product\/witchy-shirt-if-the-broom-fits-ride-it-halloween-tee-witchy-gifts\/\"]}]},{\"@type\":\"ImageObject\",\"inLanguage\":\"cs\",\"@id\":\"https:\/\/www.barbaratemplate.com\/product\/witchy-shirt-if-the-broom-fits-ride-it-halloween-tee-witchy-gifts\/#primaryimage\",\"url\":\"https:\/\/www.barbaratemplate.com\/wp-content\/uploads\/2023\/07\/HALLOWEEN-SHIRT1-19-scaled.jpg\",\"contentUrl\":\"https:\/\/www.barbaratemplate.com\/wp-content\/uploads\/2023\/07\/HALLOWEEN-SHIRT1-19-scaled.jpg\",\"width\":2560,\"height\":1920,\"caption\":\"Witchy shirt\"},{\"@type\":\"BreadcrumbList\",\"@id\":\"https:\/\/www.barbaratemplate.com\/product\/witchy-shirt-if-the-broom-fits-ride-it-halloween-tee-witchy-gifts\/#breadcrumb\",\"itemListElement\":[{\"@type\":\"ListItem\",\"position\":1,\"name\":\"Home\",\"item\":\"https:\/\/www.barbaratemplate.com\/\"},{\"@type\":\"ListItem\",\"position\":2,\"name\":\"Shop\",\"item\":\"https:\/\/www.barbaratemplate.com\/shop\/\"},{\"@type\":\"ListItem\",\"position\":3,\"name\":\"Witchy shirt\"}]},{\"@type\":\"WebSite\",\"@id\":\"https:\/\/www.barbaratemplate.com\/#website\",\"url\":\"https:\/\/www.barbaratemplate.com\/\",\"name\":\"Barbara Template\",\"description\":\"Your social templates\",\"publisher\":{\"@id\":\"https:\/\/www.barbaratemplate.com\/#organization\"},\"potentialAction\":[{\"@type\":\"SearchAction\",\"target\":{\"@type\":\"EntryPoint\",\"urlTemplate\":\"https:\/\/www.barbaratemplate.com\/?s={search_term_string}\"},\"query-input\":{\"@type\":\"PropertyValueSpecification\",\"valueRequired\":true,\"valueName\":\"search_term_string\"}}],\"inLanguage\":\"cs\"},{\"@type\":\"Organization\",\"@id\":\"https:\/\/www.barbaratemplate.com\/#organization\",\"name\":\"Barbara Template\",\"url\":\"https:\/\/www.barbaratemplate.com\/\",\"logo\":{\"@type\":\"ImageObject\",\"inLanguage\":\"cs\",\"@id\":\"https:\/\/www.barbaratemplate.com\/#\/schema\/logo\/image\/\",\"url\":\"https:\/\/www.barbaratemplate.com\/wp-content\/uploads\/2023\/07\/cropped-logo-512x512-1.png\",\"contentUrl\":\"https:\/\/www.barbaratemplate.com\/wp-content\/uploads\/2023\/07\/cropped-logo-512x512-1.png\",\"width\":512,\"height\":512,\"caption\":\"Barbara Template\"},\"image\":{\"@id\":\"https:\/\/www.barbaratemplate.com\/#\/schema\/logo\/image\/\"}}]}<\/script>\n<!-- \/ Yoast SEO plugin. -->","yoast_head_json":{"title":"Witchy shirt - Barbara Template","robots":{"index":"noindex","follow":"follow","max-snippet":"max-snippet:-1","max-image-preview":"max-image-preview:large","max-video-preview":"max-video-preview:-1"},"og_locale":"cs_CZ","og_type":"article","og_title":"Witchy shirt - Barbara Template","og_description":"Enrich your wardrobe with a versatile long sleeve tee. For a casual look, combine it with your favorite jeans, and layer it with a button-up shirt, a zip-up hoodie, or a snazzy jacket. Dress it up with formal trousers or chinos to achieve a more professional look. \u2022 100% combed and ring-spun cotton \u2022 Heather [&hellip;]","og_url":"https:\/\/www.barbaratemplate.com\/cs\/produkt\/witchy-shirt-if-the-broom-fits-ride-it-halloween-tee-witchy-gifts\/","og_site_name":"Barbara Template","article_modified_time":"2024-01-20T20:13:59+00:00","og_image":[{"width":2560,"height":1920,"url":"https:\/\/www.barbaratemplate.com\/wp-content\/uploads\/2023\/07\/HALLOWEEN-SHIRT1-19-scaled.jpg","type":"image\/jpeg"}],"twitter_card":"summary_large_image","twitter_misc":{"Odhadovan\u00e1 doba \u010dten\u00ed":"1 minuta"},"schema":{"@context":"https:\/\/schema.org","@graph":[{"@type":"WebPage","@id":"https:\/\/www.barbaratemplate.com\/product\/witchy-shirt-if-the-broom-fits-ride-it-halloween-tee-witchy-gifts\/","url":"https:\/\/www.barbaratemplate.com\/product\/witchy-shirt-if-the-broom-fits-ride-it-halloween-tee-witchy-gifts\/","name":"Witchy shirt - Barbara Template","isPartOf":{"@id":"https:\/\/www.barbaratemplate.com\/#website"},"primaryImageOfPage":{"@id":"https:\/\/www.barbaratemplate.com\/product\/witchy-shirt-if-the-broom-fits-ride-it-halloween-tee-witchy-gifts\/#primaryimage"},"image":{"@id":"https:\/\/www.barbaratemplate.com\/product\/witchy-shirt-if-the-broom-fits-ride-it-halloween-tee-witchy-gifts\/#primaryimage"},"thumbnailUrl":"https:\/\/www.barbaratemplate.com\/wp-content\/uploads\/2023\/07\/HALLOWEEN-SHIRT1-19-scaled.jpg","datePublished":"2023-07-24T12:25:18+00:00","dateModified":"2024-01-20T20:13:59+00:00","breadcrumb":{"@id":"https:\/\/www.barbaratemplate.com\/product\/witchy-shirt-if-the-broom-fits-ride-it-halloween-tee-witchy-gifts\/#breadcrumb"},"inLanguage":"cs","potentialAction":[{"@type":"ReadAction","target":["https:\/\/www.barbaratemplate.com\/product\/witchy-shirt-if-the-broom-fits-ride-it-halloween-tee-witchy-gifts\/"]}]},{"@type":"ImageObject","inLanguage":"cs","@id":"https:\/\/www.barbaratemplate.com\/product\/witchy-shirt-if-the-broom-fits-ride-it-halloween-tee-witchy-gifts\/#primaryimage","url":"https:\/\/www.barbaratemplate.com\/wp-content\/uploads\/2023\/07\/HALLOWEEN-SHIRT1-19-scaled.jpg","contentUrl":"https:\/\/www.barbaratemplate.com\/wp-content\/uploads\/2023\/07\/HALLOWEEN-SHIRT1-19-scaled.jpg","width":2560,"height":1920,"caption":"Witchy shirt"},{"@type":"BreadcrumbList","@id":"https:\/\/www.barbaratemplate.com\/product\/witchy-shirt-if-the-broom-fits-ride-it-halloween-tee-witchy-gifts\/#breadcrumb","itemListElement":[{"@type":"ListItem","position":1,"name":"Home","item":"https:\/\/www.barbaratemplate.com\/"},{"@type":"ListItem","position":2,"name":"Shop","item":"https:\/\/www.barbaratemplate.com\/shop\/"},{"@type":"ListItem","position":3,"name":"Witchy shirt"}]},{"@type":"WebSite","@id":"https:\/\/www.barbaratemplate.com\/#website","url":"https:\/\/www.barbaratemplate.com\/","name":"Barbara Template","description":"Your social templates","publisher":{"@id":"https:\/\/www.barbaratemplate.com\/#organization"},"potentialAction":[{"@type":"SearchAction","target":{"@type":"EntryPoint","urlTemplate":"https:\/\/www.barbaratemplate.com\/?s={search_term_string}"},"query-input":{"@type":"PropertyValueSpecification","valueRequired":true,"valueName":"search_term_string"}}],"inLanguage":"cs"},{"@type":"Organization","@id":"https:\/\/www.barbaratemplate.com\/#organization","name":"Barbara Template","url":"https:\/\/www.barbaratemplate.com\/","logo":{"@type":"ImageObject","inLanguage":"cs","@id":"https:\/\/www.barbaratemplate.com\/#\/schema\/logo\/image\/","url":"https:\/\/www.barbaratemplate.com\/wp-content\/uploads\/2023\/07\/cropped-logo-512x512-1.png","contentUrl":"https:\/\/www.barbaratemplate.com\/wp-content\/uploads\/2023\/07\/cropped-logo-512x512-1.png","width":512,"height":512,"caption":"Barbara Template"},"image":{"@id":"https:\/\/www.barbaratemplate.com\/#\/schema\/logo\/image\/"}}]}},"_links":{"self":[{"href":"https:\/\/www.barbaratemplate.com\/cs\/wp-json\/wp\/v2\/product\/3796"}],"collection":[{"href":"https:\/\/www.barbaratemplate.com\/cs\/wp-json\/wp\/v2\/product"}],"about":[{"href":"https:\/\/www.barbaratemplate.com\/cs\/wp-json\/wp\/v2\/types\/product"}],"replies":[{"embeddable":true,"href":"https:\/\/www.barbaratemplate.com\/cs\/wp-json\/wp\/v2\/comments?post=3796"}],"wp:featuredmedia":[{"embeddable":true,"href":"https:\/\/www.barbaratemplate.com\/cs\/wp-json\/wp\/v2\/media\/8009"}],"wp:attachment":[{"href":"https:\/\/www.barbaratemplate.com\/cs\/wp-json\/wp\/v2\/media?parent=3796"}],"wp:term":[{"taxonomy":"product_cat","embeddable":true,"href":"https:\/\/www.barbaratemplate.com\/cs\/wp-json\/wp\/v2\/product_cat?post=3796"},{"taxonomy":"product_tag","embeddable":true,"href":"https:\/\/www.barbaratemplate.com\/cs\/wp-json\/wp\/v2\/product_tag?post=3796"}],"curies":[{"name":"wp","href":"https:\/\/api.w.org\/{rel}","templated":true}]}}