{"id":5028,"date":"2023-07-24T14:51:02","date_gmt":"2023-07-24T12:51:02","guid":{"rendered":"https:\/\/www.barbaratemplate.com\/product\/eat-me-magic-mushrooms-graphic-shirt-psychedelic-top-punk-shirt-witch-shirt-gift-for-her-gift-for-him\/"},"modified":"2024-01-20T21:09:50","modified_gmt":"2024-01-20T20:09:50","slug":"eat-me-magic-mushrooms-graphic-shirt-psychedelic-top-punk-shirt-witch-shirt-gift-for-her-gift-for-him","status":"publish","type":"product","link":"https:\/\/www.barbaratemplate.com\/cs\/produkt\/eat-me-magic-mushrooms-graphic-shirt-psychedelic-top-punk-shirt-witch-shirt-gift-for-her-gift-for-him\/","title":{"rendered":"Magic mushrooms graphic shirt, Psychedelic top"},"content":{"rendered":"<p>This just might be the softest and most comfortable women&#8217;s t-shirt you&#8217;ll ever own. Combine the relaxed fit and smooth fabric of this tee with jeans to create an effortless every-day outfit, or dress it up with a jacket and dress pants for a business casual look.<\/p>\n<p>\u2022 100% combed and ring-spun cotton<br \/>\n\u2022 Athletic heather is 90% cotton, 10% polyester<br \/>\n\u2022 Other heather colors are 52% cotton, 48% polyester<br \/>\n\u2022 Fabric weight: 4.2 oz\/y\u00b2 (142 g\/m\u00b2)<br \/>\n\u2022 Relaxed fit<br \/>\n\u2022 Pre-shrunk fabric<br \/>\n\u2022 Side-seamed construction<br \/>\n\u2022 Crew neck<br \/>\n\u2022 Blank product sourced from Nicaragua, Honduras, or the US<\/p>","protected":false},"excerpt":{"rendered":"<p>This just might be the softest and most comfortable women&#8217;s t-shirt you&#8217;ll ever own. Combine the relaxed fit and smooth fabric of this tee with jeans to create an effortless every-day outfit, or dress it up with a jacket and dress pants for a business casual look. \u2022 100% combed and ring-spun cotton \u2022 Athletic [&hellip;]<\/p>\n","protected":false},"featured_media":8367,"comment_status":"open","ping_status":"closed","template":"","meta":{"editor_plus_copied_stylings":"{}"},"product_cat":[256,257,258,15,78,267,288,289,290,293,296,297],"product_tag":[136,95,189],"yoast_head":"<!-- This site is optimized with the Yoast SEO plugin v24.5 - https:\/\/yoast.com\/wordpress\/plugins\/seo\/ -->\n<title>Magic mushrooms graphic shirt, Psychedelic top - Barbara Template<\/title>\n<meta name=\"robots\" content=\"noindex, follow, max-snippet:-1, max-image-preview:large, max-video-preview:-1\" \/>\n<meta property=\"og:locale\" content=\"cs_CZ\" \/>\n<meta property=\"og:type\" content=\"article\" \/>\n<meta property=\"og:title\" content=\"Magic mushrooms graphic shirt, Psychedelic top - Barbara Template\" \/>\n<meta property=\"og:description\" content=\"This just might be the softest and most comfortable women&#8217;s t-shirt you&#8217;ll ever own. Combine the relaxed fit and smooth fabric of this tee with jeans to create an effortless every-day outfit, or dress it up with a jacket and dress pants for a business casual look. \u2022 100% combed and ring-spun cotton \u2022 Athletic [&hellip;]\" \/>\n<meta property=\"og:url\" content=\"https:\/\/www.barbaratemplate.com\/cs\/produkt\/eat-me-magic-mushrooms-graphic-shirt-psychedelic-top-punk-shirt-witch-shirt-gift-for-her-gift-for-him\/\" \/>\n<meta property=\"og:site_name\" content=\"Barbara Template\" \/>\n<meta property=\"article:modified_time\" content=\"2024-01-20T20:09:50+00:00\" \/>\n<meta property=\"og:image\" content=\"https:\/\/www.barbaratemplate.com\/wp-content\/uploads\/2023\/07\/SKULLS1-9-scaled.jpg\" \/>\n\t<meta property=\"og:image:width\" content=\"2560\" \/>\n\t<meta property=\"og:image:height\" content=\"1920\" \/>\n\t<meta property=\"og:image:type\" content=\"image\/jpeg\" \/>\n<meta name=\"twitter:card\" content=\"summary_large_image\" \/>\n<meta name=\"twitter:label1\" content=\"Odhadovan\u00e1 doba \u010dten\u00ed\" \/>\n\t<meta name=\"twitter:data1\" content=\"1 minuta\" \/>\n<script type=\"application\/ld+json\" class=\"yoast-schema-graph\">{\"@context\":\"https:\/\/schema.org\",\"@graph\":[{\"@type\":\"WebPage\",\"@id\":\"https:\/\/www.barbaratemplate.com\/product\/eat-me-magic-mushrooms-graphic-shirt-psychedelic-top-punk-shirt-witch-shirt-gift-for-her-gift-for-him\/\",\"url\":\"https:\/\/www.barbaratemplate.com\/product\/eat-me-magic-mushrooms-graphic-shirt-psychedelic-top-punk-shirt-witch-shirt-gift-for-her-gift-for-him\/\",\"name\":\"Magic mushrooms graphic shirt, Psychedelic top - Barbara Template\",\"isPartOf\":{\"@id\":\"https:\/\/www.barbaratemplate.com\/#website\"},\"primaryImageOfPage\":{\"@id\":\"https:\/\/www.barbaratemplate.com\/product\/eat-me-magic-mushrooms-graphic-shirt-psychedelic-top-punk-shirt-witch-shirt-gift-for-her-gift-for-him\/#primaryimage\"},\"image\":{\"@id\":\"https:\/\/www.barbaratemplate.com\/product\/eat-me-magic-mushrooms-graphic-shirt-psychedelic-top-punk-shirt-witch-shirt-gift-for-her-gift-for-him\/#primaryimage\"},\"thumbnailUrl\":\"https:\/\/www.barbaratemplate.com\/wp-content\/uploads\/2023\/07\/SKULLS1-9-scaled.jpg\",\"datePublished\":\"2023-07-24T12:51:02+00:00\",\"dateModified\":\"2024-01-20T20:09:50+00:00\",\"breadcrumb\":{\"@id\":\"https:\/\/www.barbaratemplate.com\/product\/eat-me-magic-mushrooms-graphic-shirt-psychedelic-top-punk-shirt-witch-shirt-gift-for-her-gift-for-him\/#breadcrumb\"},\"inLanguage\":\"cs\",\"potentialAction\":[{\"@type\":\"ReadAction\",\"target\":[\"https:\/\/www.barbaratemplate.com\/product\/eat-me-magic-mushrooms-graphic-shirt-psychedelic-top-punk-shirt-witch-shirt-gift-for-her-gift-for-him\/\"]}]},{\"@type\":\"ImageObject\",\"inLanguage\":\"cs\",\"@id\":\"https:\/\/www.barbaratemplate.com\/product\/eat-me-magic-mushrooms-graphic-shirt-psychedelic-top-punk-shirt-witch-shirt-gift-for-her-gift-for-him\/#primaryimage\",\"url\":\"https:\/\/www.barbaratemplate.com\/wp-content\/uploads\/2023\/07\/SKULLS1-9-scaled.jpg\",\"contentUrl\":\"https:\/\/www.barbaratemplate.com\/wp-content\/uploads\/2023\/07\/SKULLS1-9-scaled.jpg\",\"width\":2560,\"height\":1920,\"caption\":\"Magic mushrooms graphic shirt, Psychedelic top\"},{\"@type\":\"BreadcrumbList\",\"@id\":\"https:\/\/www.barbaratemplate.com\/product\/eat-me-magic-mushrooms-graphic-shirt-psychedelic-top-punk-shirt-witch-shirt-gift-for-her-gift-for-him\/#breadcrumb\",\"itemListElement\":[{\"@type\":\"ListItem\",\"position\":1,\"name\":\"Home\",\"item\":\"https:\/\/www.barbaratemplate.com\/\"},{\"@type\":\"ListItem\",\"position\":2,\"name\":\"Shop\",\"item\":\"https:\/\/www.barbaratemplate.com\/shop\/\"},{\"@type\":\"ListItem\",\"position\":3,\"name\":\"Magic mushrooms graphic shirt, Psychedelic top\"}]},{\"@type\":\"WebSite\",\"@id\":\"https:\/\/www.barbaratemplate.com\/#website\",\"url\":\"https:\/\/www.barbaratemplate.com\/\",\"name\":\"Barbara Template\",\"description\":\"Your social templates\",\"publisher\":{\"@id\":\"https:\/\/www.barbaratemplate.com\/#organization\"},\"potentialAction\":[{\"@type\":\"SearchAction\",\"target\":{\"@type\":\"EntryPoint\",\"urlTemplate\":\"https:\/\/www.barbaratemplate.com\/?s={search_term_string}\"},\"query-input\":{\"@type\":\"PropertyValueSpecification\",\"valueRequired\":true,\"valueName\":\"search_term_string\"}}],\"inLanguage\":\"cs\"},{\"@type\":\"Organization\",\"@id\":\"https:\/\/www.barbaratemplate.com\/#organization\",\"name\":\"Barbara Template\",\"url\":\"https:\/\/www.barbaratemplate.com\/\",\"logo\":{\"@type\":\"ImageObject\",\"inLanguage\":\"cs\",\"@id\":\"https:\/\/www.barbaratemplate.com\/#\/schema\/logo\/image\/\",\"url\":\"https:\/\/www.barbaratemplate.com\/wp-content\/uploads\/2023\/07\/cropped-logo-512x512-1.png\",\"contentUrl\":\"https:\/\/www.barbaratemplate.com\/wp-content\/uploads\/2023\/07\/cropped-logo-512x512-1.png\",\"width\":512,\"height\":512,\"caption\":\"Barbara Template\"},\"image\":{\"@id\":\"https:\/\/www.barbaratemplate.com\/#\/schema\/logo\/image\/\"}}]}<\/script>\n<!-- \/ Yoast SEO plugin. -->","yoast_head_json":{"title":"Magic mushrooms graphic shirt, Psychedelic top - Barbara Template","robots":{"index":"noindex","follow":"follow","max-snippet":"max-snippet:-1","max-image-preview":"max-image-preview:large","max-video-preview":"max-video-preview:-1"},"og_locale":"cs_CZ","og_type":"article","og_title":"Magic mushrooms graphic shirt, Psychedelic top - Barbara Template","og_description":"This just might be the softest and most comfortable women&#8217;s t-shirt you&#8217;ll ever own. Combine the relaxed fit and smooth fabric of this tee with jeans to create an effortless every-day outfit, or dress it up with a jacket and dress pants for a business casual look. \u2022 100% combed and ring-spun cotton \u2022 Athletic [&hellip;]","og_url":"https:\/\/www.barbaratemplate.com\/cs\/produkt\/eat-me-magic-mushrooms-graphic-shirt-psychedelic-top-punk-shirt-witch-shirt-gift-for-her-gift-for-him\/","og_site_name":"Barbara Template","article_modified_time":"2024-01-20T20:09:50+00:00","og_image":[{"width":2560,"height":1920,"url":"https:\/\/www.barbaratemplate.com\/wp-content\/uploads\/2023\/07\/SKULLS1-9-scaled.jpg","type":"image\/jpeg"}],"twitter_card":"summary_large_image","twitter_misc":{"Odhadovan\u00e1 doba \u010dten\u00ed":"1 minuta"},"schema":{"@context":"https:\/\/schema.org","@graph":[{"@type":"WebPage","@id":"https:\/\/www.barbaratemplate.com\/product\/eat-me-magic-mushrooms-graphic-shirt-psychedelic-top-punk-shirt-witch-shirt-gift-for-her-gift-for-him\/","url":"https:\/\/www.barbaratemplate.com\/product\/eat-me-magic-mushrooms-graphic-shirt-psychedelic-top-punk-shirt-witch-shirt-gift-for-her-gift-for-him\/","name":"Magic mushrooms graphic shirt, Psychedelic top - Barbara Template","isPartOf":{"@id":"https:\/\/www.barbaratemplate.com\/#website"},"primaryImageOfPage":{"@id":"https:\/\/www.barbaratemplate.com\/product\/eat-me-magic-mushrooms-graphic-shirt-psychedelic-top-punk-shirt-witch-shirt-gift-for-her-gift-for-him\/#primaryimage"},"image":{"@id":"https:\/\/www.barbaratemplate.com\/product\/eat-me-magic-mushrooms-graphic-shirt-psychedelic-top-punk-shirt-witch-shirt-gift-for-her-gift-for-him\/#primaryimage"},"thumbnailUrl":"https:\/\/www.barbaratemplate.com\/wp-content\/uploads\/2023\/07\/SKULLS1-9-scaled.jpg","datePublished":"2023-07-24T12:51:02+00:00","dateModified":"2024-01-20T20:09:50+00:00","breadcrumb":{"@id":"https:\/\/www.barbaratemplate.com\/product\/eat-me-magic-mushrooms-graphic-shirt-psychedelic-top-punk-shirt-witch-shirt-gift-for-her-gift-for-him\/#breadcrumb"},"inLanguage":"cs","potentialAction":[{"@type":"ReadAction","target":["https:\/\/www.barbaratemplate.com\/product\/eat-me-magic-mushrooms-graphic-shirt-psychedelic-top-punk-shirt-witch-shirt-gift-for-her-gift-for-him\/"]}]},{"@type":"ImageObject","inLanguage":"cs","@id":"https:\/\/www.barbaratemplate.com\/product\/eat-me-magic-mushrooms-graphic-shirt-psychedelic-top-punk-shirt-witch-shirt-gift-for-her-gift-for-him\/#primaryimage","url":"https:\/\/www.barbaratemplate.com\/wp-content\/uploads\/2023\/07\/SKULLS1-9-scaled.jpg","contentUrl":"https:\/\/www.barbaratemplate.com\/wp-content\/uploads\/2023\/07\/SKULLS1-9-scaled.jpg","width":2560,"height":1920,"caption":"Magic mushrooms graphic shirt, Psychedelic top"},{"@type":"BreadcrumbList","@id":"https:\/\/www.barbaratemplate.com\/product\/eat-me-magic-mushrooms-graphic-shirt-psychedelic-top-punk-shirt-witch-shirt-gift-for-her-gift-for-him\/#breadcrumb","itemListElement":[{"@type":"ListItem","position":1,"name":"Home","item":"https:\/\/www.barbaratemplate.com\/"},{"@type":"ListItem","position":2,"name":"Shop","item":"https:\/\/www.barbaratemplate.com\/shop\/"},{"@type":"ListItem","position":3,"name":"Magic mushrooms graphic shirt, Psychedelic top"}]},{"@type":"WebSite","@id":"https:\/\/www.barbaratemplate.com\/#website","url":"https:\/\/www.barbaratemplate.com\/","name":"Barbara Template","description":"Your social templates","publisher":{"@id":"https:\/\/www.barbaratemplate.com\/#organization"},"potentialAction":[{"@type":"SearchAction","target":{"@type":"EntryPoint","urlTemplate":"https:\/\/www.barbaratemplate.com\/?s={search_term_string}"},"query-input":{"@type":"PropertyValueSpecification","valueRequired":true,"valueName":"search_term_string"}}],"inLanguage":"cs"},{"@type":"Organization","@id":"https:\/\/www.barbaratemplate.com\/#organization","name":"Barbara Template","url":"https:\/\/www.barbaratemplate.com\/","logo":{"@type":"ImageObject","inLanguage":"cs","@id":"https:\/\/www.barbaratemplate.com\/#\/schema\/logo\/image\/","url":"https:\/\/www.barbaratemplate.com\/wp-content\/uploads\/2023\/07\/cropped-logo-512x512-1.png","contentUrl":"https:\/\/www.barbaratemplate.com\/wp-content\/uploads\/2023\/07\/cropped-logo-512x512-1.png","width":512,"height":512,"caption":"Barbara Template"},"image":{"@id":"https:\/\/www.barbaratemplate.com\/#\/schema\/logo\/image\/"}}]}},"_links":{"self":[{"href":"https:\/\/www.barbaratemplate.com\/cs\/wp-json\/wp\/v2\/product\/5028"}],"collection":[{"href":"https:\/\/www.barbaratemplate.com\/cs\/wp-json\/wp\/v2\/product"}],"about":[{"href":"https:\/\/www.barbaratemplate.com\/cs\/wp-json\/wp\/v2\/types\/product"}],"replies":[{"embeddable":true,"href":"https:\/\/www.barbaratemplate.com\/cs\/wp-json\/wp\/v2\/comments?post=5028"}],"wp:featuredmedia":[{"embeddable":true,"href":"https:\/\/www.barbaratemplate.com\/cs\/wp-json\/wp\/v2\/media\/8367"}],"wp:attachment":[{"href":"https:\/\/www.barbaratemplate.com\/cs\/wp-json\/wp\/v2\/media?parent=5028"}],"wp:term":[{"taxonomy":"product_cat","embeddable":true,"href":"https:\/\/www.barbaratemplate.com\/cs\/wp-json\/wp\/v2\/product_cat?post=5028"},{"taxonomy":"product_tag","embeddable":true,"href":"https:\/\/www.barbaratemplate.com\/cs\/wp-json\/wp\/v2\/product_tag?post=5028"}],"curies":[{"name":"wp","href":"https:\/\/api.w.org\/{rel}","templated":true}]}}