{"id":9673,"date":"2023-08-02T20:06:55","date_gmt":"2023-08-02T18:06:55","guid":{"rendered":"https:\/\/www.barbaratemplate.com\/product\/mushroom-bikini\/"},"modified":"2024-01-20T20:50:43","modified_gmt":"2024-01-20T19:50:43","slug":"mushroom-bikini","status":"publish","type":"product","link":"https:\/\/www.barbaratemplate.com\/cs\/produkt\/mushroom-bikini\/","title":{"rendered":"Mushroom bikini"},"content":{"rendered":"<p>Our women&#8217;s two-piece bikini collection not only offers stunning designs, but we also have unique mushroom designs that you won&#8217;t find in an ordinary shop. If you want to show off your edgy and bold side, then our bikinis are the perfect choice for you. These bikinis feature intricate mushroomdesigns that are sure to turn heads and make a statement. Don&#8217;t settle for ordinary swimwear \u2013 stand out from the crowd with our one-of-a-kind bikinis. Add one to your cart today and get ready to rock your new mushroom bikini at your next beach or pool day!<\/p>\n<p>\u2665About Product<br \/>\n&#8211; 83% Nylon 17% Spandex (Nylon fibers are extremely strong, resistant to most chemicals, stretching and shrinking. Spandex adds amazing stretch and softness to the swimwear)<br \/>\n&#8211; Light fabric (4.59 oz\/yd\u00b2 (146 g\/m\u00b2))<br \/>\n&#8211; Two piece swimsuit<br \/>\n&#8211; Elastic straps (length may vary)<br \/>\n&#8211; Padder inner lining ( Separate removable pads for the upper part of the swimsuit)<br \/>\n&#8211; Vibrant colors, the latest printing techniques provide bright and crisp colors<br \/>\nNote! Images are illustrative.<\/p>\n<p>\u2665Sizing<br \/>\n!Check The Size Charts In The Images!<br \/>\nPlease check size charts before ordering.<br \/>\nAll our items are made to order and are aim to be dispatched in just 1-4 working days.<br \/>\nIf you have any questions then just drop us a message and we will get back to you right away.<\/p>\n<p>\u2665How to order<br \/>\n1-Choose your bikini size.<br \/>\n2-Select the quantity.<br \/>\n3- Click Add To Cart.<br \/>\n4-You can go back and add more products<br \/>\n5-Click Proceed to Check out<br \/>\n6-Finally, your bikini will be ready to ship within days stated<\/p>\n<p>\u2665Washing and drying instructions<br \/>\nDo not dry clean<br \/>\nDo not iron<br \/>\nDry flat<br \/>\nDo not bleach;<br \/>\nMachine wash: cold (max 30C or 90F)<\/p>\n<p>\u2665If you like this product check out our store for matching products or similar designs by clicking this link below.<br \/>\nWe&#8217;re hard at work adding new designs every day so come back often!<\/p>\n<p>https:\/\/www.etsy.com\/shop\/BarbaraTemplates?ref=seller-platform-mcnav<\/p>\n<p>\u2665Shipping<br \/>\nPlease make sure to check our Shipping &amp; Policies page before purchasing for information on production and shipping times as it may change during busier times such as holidays (Halloween, Black Friday, Christmas, Valentine), as well as our return policy.<br \/>\nWe are not responsible for items that are delivered to incorrect addresses or for items that are marked as delivered by the USPS.<br \/>\n!!!Please have in mind longer shipping times during holidays and make an order in advance to get your order in time.<\/p>\n<p>\u2665Returns and Exchanges<br \/>\nWe completely understand that it can be a challenge to find the perfect size online without being able to try it on before purchase, especially with variations in sizing across thousands of brands.<br \/>\nSend us a message for clarification on any policy or if you have any questions or concerns.<br \/>\nIf your order doesn&#8217;t fit or you&#8217;ve simply changed your mind then contact us right away and we will be here to help.<\/p>\n<p>Thank you for your visit.<\/p>\n<p>Barbara Template<\/p>","protected":false},"excerpt":{"rendered":"<p>Our women&#8217;s two-piece bikini collection not only offers stunning designs, but we also have unique mushroom designs that you won&#8217;t find in an ordinary shop. If you want to show off your edgy and bold side, then our bikinis are the perfect choice for you. These bikinis feature intricate mushroomdesigns that are sure to turn [&hellip;]<\/p>\n","protected":false},"featured_media":10511,"comment_status":"open","ping_status":"closed","template":"","meta":{"editor_plus_copied_stylings":"{}"},"product_cat":[257,15,78,266,288,289,293,295,296,276],"product_tag":[200,136,202],"yoast_head":"<!-- This site is optimized with the Yoast SEO plugin v24.5 - https:\/\/yoast.com\/wordpress\/plugins\/seo\/ -->\n<title>Mushroom bikini - Barbara Template<\/title>\n<meta name=\"robots\" content=\"noindex, follow, max-snippet:-1, max-image-preview:large, max-video-preview:-1\" \/>\n<meta property=\"og:locale\" content=\"cs_CZ\" \/>\n<meta property=\"og:type\" content=\"article\" \/>\n<meta property=\"og:title\" content=\"Mushroom bikini - Barbara Template\" \/>\n<meta property=\"og:description\" content=\"Our women&#8217;s two-piece bikini collection not only offers stunning designs, but we also have unique mushroom designs that you won&#8217;t find in an ordinary shop. If you want to show off your edgy and bold side, then our bikinis are the perfect choice for you. These bikinis feature intricate mushroomdesigns that are sure to turn [&hellip;]\" \/>\n<meta property=\"og:url\" content=\"https:\/\/www.barbaratemplate.com\/cs\/produkt\/mushroom-bikini\/\" \/>\n<meta property=\"og:site_name\" content=\"Barbara Template\" \/>\n<meta property=\"article:modified_time\" content=\"2024-01-20T19:50:43+00:00\" \/>\n<meta property=\"og:image\" content=\"https:\/\/www.barbaratemplate.com\/wp-content\/uploads\/2023\/08\/bikini1-9-scaled.jpg\" \/>\n\t<meta property=\"og:image:width\" content=\"2560\" \/>\n\t<meta property=\"og:image:height\" content=\"1920\" \/>\n\t<meta property=\"og:image:type\" content=\"image\/jpeg\" \/>\n<meta name=\"twitter:card\" content=\"summary_large_image\" \/>\n<meta name=\"twitter:label1\" content=\"Odhadovan\u00e1 doba \u010dten\u00ed\" \/>\n\t<meta name=\"twitter:data1\" content=\"3 minuty\" \/>\n<script type=\"application\/ld+json\" class=\"yoast-schema-graph\">{\"@context\":\"https:\/\/schema.org\",\"@graph\":[{\"@type\":\"WebPage\",\"@id\":\"https:\/\/www.barbaratemplate.com\/product\/mushroom-bikini\/\",\"url\":\"https:\/\/www.barbaratemplate.com\/product\/mushroom-bikini\/\",\"name\":\"Mushroom bikini - Barbara Template\",\"isPartOf\":{\"@id\":\"https:\/\/www.barbaratemplate.com\/#website\"},\"primaryImageOfPage\":{\"@id\":\"https:\/\/www.barbaratemplate.com\/product\/mushroom-bikini\/#primaryimage\"},\"image\":{\"@id\":\"https:\/\/www.barbaratemplate.com\/product\/mushroom-bikini\/#primaryimage\"},\"thumbnailUrl\":\"https:\/\/www.barbaratemplate.com\/wp-content\/uploads\/2023\/08\/bikini1-9-scaled.jpg\",\"datePublished\":\"2023-08-02T18:06:55+00:00\",\"dateModified\":\"2024-01-20T19:50:43+00:00\",\"breadcrumb\":{\"@id\":\"https:\/\/www.barbaratemplate.com\/product\/mushroom-bikini\/#breadcrumb\"},\"inLanguage\":\"cs\",\"potentialAction\":[{\"@type\":\"ReadAction\",\"target\":[\"https:\/\/www.barbaratemplate.com\/product\/mushroom-bikini\/\"]}]},{\"@type\":\"ImageObject\",\"inLanguage\":\"cs\",\"@id\":\"https:\/\/www.barbaratemplate.com\/product\/mushroom-bikini\/#primaryimage\",\"url\":\"https:\/\/www.barbaratemplate.com\/wp-content\/uploads\/2023\/08\/bikini1-9-scaled.jpg\",\"contentUrl\":\"https:\/\/www.barbaratemplate.com\/wp-content\/uploads\/2023\/08\/bikini1-9-scaled.jpg\",\"width\":2560,\"height\":1920,\"caption\":\"Mushroom bikini\"},{\"@type\":\"BreadcrumbList\",\"@id\":\"https:\/\/www.barbaratemplate.com\/product\/mushroom-bikini\/#breadcrumb\",\"itemListElement\":[{\"@type\":\"ListItem\",\"position\":1,\"name\":\"Home\",\"item\":\"https:\/\/www.barbaratemplate.com\/\"},{\"@type\":\"ListItem\",\"position\":2,\"name\":\"Shop\",\"item\":\"https:\/\/www.barbaratemplate.com\/shop\/\"},{\"@type\":\"ListItem\",\"position\":3,\"name\":\"Mushroom bikini\"}]},{\"@type\":\"WebSite\",\"@id\":\"https:\/\/www.barbaratemplate.com\/#website\",\"url\":\"https:\/\/www.barbaratemplate.com\/\",\"name\":\"Barbara Template\",\"description\":\"Your social templates\",\"publisher\":{\"@id\":\"https:\/\/www.barbaratemplate.com\/#organization\"},\"potentialAction\":[{\"@type\":\"SearchAction\",\"target\":{\"@type\":\"EntryPoint\",\"urlTemplate\":\"https:\/\/www.barbaratemplate.com\/?s={search_term_string}\"},\"query-input\":{\"@type\":\"PropertyValueSpecification\",\"valueRequired\":true,\"valueName\":\"search_term_string\"}}],\"inLanguage\":\"cs\"},{\"@type\":\"Organization\",\"@id\":\"https:\/\/www.barbaratemplate.com\/#organization\",\"name\":\"Barbara Template\",\"url\":\"https:\/\/www.barbaratemplate.com\/\",\"logo\":{\"@type\":\"ImageObject\",\"inLanguage\":\"cs\",\"@id\":\"https:\/\/www.barbaratemplate.com\/#\/schema\/logo\/image\/\",\"url\":\"https:\/\/www.barbaratemplate.com\/wp-content\/uploads\/2023\/07\/cropped-logo-512x512-1.png\",\"contentUrl\":\"https:\/\/www.barbaratemplate.com\/wp-content\/uploads\/2023\/07\/cropped-logo-512x512-1.png\",\"width\":512,\"height\":512,\"caption\":\"Barbara Template\"},\"image\":{\"@id\":\"https:\/\/www.barbaratemplate.com\/#\/schema\/logo\/image\/\"}}]}<\/script>\n<!-- \/ Yoast SEO plugin. -->","yoast_head_json":{"title":"Mushroom bikini - Barbara Template","robots":{"index":"noindex","follow":"follow","max-snippet":"max-snippet:-1","max-image-preview":"max-image-preview:large","max-video-preview":"max-video-preview:-1"},"og_locale":"cs_CZ","og_type":"article","og_title":"Mushroom bikini - Barbara Template","og_description":"Our women&#8217;s two-piece bikini collection not only offers stunning designs, but we also have unique mushroom designs that you won&#8217;t find in an ordinary shop. If you want to show off your edgy and bold side, then our bikinis are the perfect choice for you. These bikinis feature intricate mushroomdesigns that are sure to turn [&hellip;]","og_url":"https:\/\/www.barbaratemplate.com\/cs\/produkt\/mushroom-bikini\/","og_site_name":"Barbara Template","article_modified_time":"2024-01-20T19:50:43+00:00","og_image":[{"width":2560,"height":1920,"url":"https:\/\/www.barbaratemplate.com\/wp-content\/uploads\/2023\/08\/bikini1-9-scaled.jpg","type":"image\/jpeg"}],"twitter_card":"summary_large_image","twitter_misc":{"Odhadovan\u00e1 doba \u010dten\u00ed":"3 minuty"},"schema":{"@context":"https:\/\/schema.org","@graph":[{"@type":"WebPage","@id":"https:\/\/www.barbaratemplate.com\/product\/mushroom-bikini\/","url":"https:\/\/www.barbaratemplate.com\/product\/mushroom-bikini\/","name":"Mushroom bikini - Barbara Template","isPartOf":{"@id":"https:\/\/www.barbaratemplate.com\/#website"},"primaryImageOfPage":{"@id":"https:\/\/www.barbaratemplate.com\/product\/mushroom-bikini\/#primaryimage"},"image":{"@id":"https:\/\/www.barbaratemplate.com\/product\/mushroom-bikini\/#primaryimage"},"thumbnailUrl":"https:\/\/www.barbaratemplate.com\/wp-content\/uploads\/2023\/08\/bikini1-9-scaled.jpg","datePublished":"2023-08-02T18:06:55+00:00","dateModified":"2024-01-20T19:50:43+00:00","breadcrumb":{"@id":"https:\/\/www.barbaratemplate.com\/product\/mushroom-bikini\/#breadcrumb"},"inLanguage":"cs","potentialAction":[{"@type":"ReadAction","target":["https:\/\/www.barbaratemplate.com\/product\/mushroom-bikini\/"]}]},{"@type":"ImageObject","inLanguage":"cs","@id":"https:\/\/www.barbaratemplate.com\/product\/mushroom-bikini\/#primaryimage","url":"https:\/\/www.barbaratemplate.com\/wp-content\/uploads\/2023\/08\/bikini1-9-scaled.jpg","contentUrl":"https:\/\/www.barbaratemplate.com\/wp-content\/uploads\/2023\/08\/bikini1-9-scaled.jpg","width":2560,"height":1920,"caption":"Mushroom bikini"},{"@type":"BreadcrumbList","@id":"https:\/\/www.barbaratemplate.com\/product\/mushroom-bikini\/#breadcrumb","itemListElement":[{"@type":"ListItem","position":1,"name":"Home","item":"https:\/\/www.barbaratemplate.com\/"},{"@type":"ListItem","position":2,"name":"Shop","item":"https:\/\/www.barbaratemplate.com\/shop\/"},{"@type":"ListItem","position":3,"name":"Mushroom bikini"}]},{"@type":"WebSite","@id":"https:\/\/www.barbaratemplate.com\/#website","url":"https:\/\/www.barbaratemplate.com\/","name":"Barbara Template","description":"Your social templates","publisher":{"@id":"https:\/\/www.barbaratemplate.com\/#organization"},"potentialAction":[{"@type":"SearchAction","target":{"@type":"EntryPoint","urlTemplate":"https:\/\/www.barbaratemplate.com\/?s={search_term_string}"},"query-input":{"@type":"PropertyValueSpecification","valueRequired":true,"valueName":"search_term_string"}}],"inLanguage":"cs"},{"@type":"Organization","@id":"https:\/\/www.barbaratemplate.com\/#organization","name":"Barbara Template","url":"https:\/\/www.barbaratemplate.com\/","logo":{"@type":"ImageObject","inLanguage":"cs","@id":"https:\/\/www.barbaratemplate.com\/#\/schema\/logo\/image\/","url":"https:\/\/www.barbaratemplate.com\/wp-content\/uploads\/2023\/07\/cropped-logo-512x512-1.png","contentUrl":"https:\/\/www.barbaratemplate.com\/wp-content\/uploads\/2023\/07\/cropped-logo-512x512-1.png","width":512,"height":512,"caption":"Barbara Template"},"image":{"@id":"https:\/\/www.barbaratemplate.com\/#\/schema\/logo\/image\/"}}]}},"_links":{"self":[{"href":"https:\/\/www.barbaratemplate.com\/cs\/wp-json\/wp\/v2\/product\/9673"}],"collection":[{"href":"https:\/\/www.barbaratemplate.com\/cs\/wp-json\/wp\/v2\/product"}],"about":[{"href":"https:\/\/www.barbaratemplate.com\/cs\/wp-json\/wp\/v2\/types\/product"}],"replies":[{"embeddable":true,"href":"https:\/\/www.barbaratemplate.com\/cs\/wp-json\/wp\/v2\/comments?post=9673"}],"wp:featuredmedia":[{"embeddable":true,"href":"https:\/\/www.barbaratemplate.com\/cs\/wp-json\/wp\/v2\/media\/10511"}],"wp:attachment":[{"href":"https:\/\/www.barbaratemplate.com\/cs\/wp-json\/wp\/v2\/media?parent=9673"}],"wp:term":[{"taxonomy":"product_cat","embeddable":true,"href":"https:\/\/www.barbaratemplate.com\/cs\/wp-json\/wp\/v2\/product_cat?post=9673"},{"taxonomy":"product_tag","embeddable":true,"href":"https:\/\/www.barbaratemplate.com\/cs\/wp-json\/wp\/v2\/product_tag?post=9673"}],"curies":[{"name":"wp","href":"https:\/\/api.w.org\/{rel}","templated":true}]}}